{"id":273,"date":"2019-03-30T18:45:55","date_gmt":"2019-03-30T17:45:55","guid":{"rendered":"http:\/\/www.officinapolli.it\/?page_id=273"},"modified":"2019-05-15T08:58:36","modified_gmt":"2019-05-15T06:58:36","slug":"home","status":"publish","type":"page","link":"https:\/\/officinapolli.it\/de\/home\/","title":{"rendered":"Home"},"content":{"rendered":"<p>[vc_row][vc_column][vc_empty_space][\/vc_column][\/vc_row][vc_row css=&#8220;.vc_custom_1553364735551{border-top-width: 1px !important;border-right-width: 1px !important;border-bottom-width: 1px !important;border-left-width: 1px !important;padding-top: 8px !important;padding-right: 20px !important;padding-bottom: 8px !important;padding-left: 20px !important;background-color: #ffffff !important;border-left-color: #ffcb00 !important;border-left-style: solid !important;border-right-color: #ffcb00 !important;border-right-style: solid !important;border-top-color: #ffcb00 !important;border-top-style: solid !important;border-bottom-color: #ffcb00 !important;border-bottom-style: solid !important;}&#8220;][vc_column width=&#8220;2\/3&#8243; css=&#8220;.vc_custom_1553364905670{padding-top: 15px !important;}&#8220;][vc_custom_heading text=&#8220;M\u00fcssen Sie eine Arbeit erledigen, die aus einem Blatt gefertigt werden kann?&#8220; font_container=&#8220;tag:h2|font_size:24px|text_align:left|line_height:30px&#8220; use_theme_fonts=&#8220;yes&#8220; css=&#8220;.vc_custom_1553968051408{margin-top: 0px !important;}&#8220;][vc_custom_heading text=&#8220;Fordern Sie ein kostenloses Angebot an&#8220; font_container=&#8220;tag:h4|text_align:left&#8220; use_theme_fonts=&#8220;yes&#8220;][\/vc_column][vc_column width=&#8220;1\/3&#8243; css=&#8220;.vc_custom_1553364913481{padding-top: 25px !important;}&#8220;][vc_btn title=&#8220;JETZT ANGEBOT ANFORDERN&#8220; style=&#8220;flat&#8220; color=&#8220;orange&#8220; align=&#8220;left&#8220; i_icon_fontawesome=&#8220;fa fa-question&#8220; add_icon=&#8220;true&#8220; link=&#8220;url:http%3A%2F%2Fwww.officinapolli.it%2Fde%2Fvoranschlaege%2F|title:Preventivi||&#8220;][\/vc_column][\/vc_row][vc_row css=&#8220;.vc_custom_1552586867766{margin-bottom: 0px !important;}&#8220;][vc_column][vc_empty_space height=&#8220;42px&#8220;][vc_column_text]Die Polli Giancarlo-Werkstatt ist ein Handwerksbetrieb, der in 1970 gegr\u00fcndet wurde und sich auf die Herstellung von Klingen und Teilen spezialisiert hat, die nach Design oder Mustern auf abriebfesten Platten aus <a href=\"http:\/\/www.officinapolli.it\/templates\/immagini\/hardox_500.pdf\">Hardox\u00ae 500<\/a> geschnittenen werden.[\/vc_column_text][\/vc_column][\/vc_row][vc_row gap=&#8220;25&#8243;][vc_column width=&#8220;1\/2&#8243; css=&#8220;.vc_custom_1553357159018{border-top-width: 1px !important;border-right-width: 1px !important;border-bottom-width: 1px !important;border-left-width: 1px !important;padding-top: 8px !important;padding-right: 20px !important;padding-bottom: 8px !important;padding-left: 20px !important;background-color: #ffffff !important;border-left-color: #ffcb00 !important;border-left-style: solid !important;border-right-color: #ffcb00 !important;border-right-style: solid !important;border-top-color: #ffcb00 !important;border-top-style: solid !important;border-bottom-color: #ffcb00 !important;border-bottom-style: solid !important;}&#8220;][vc_custom_heading text=&#8220;Hohe Produktqualit\u00e4t&#8220; font_container=&#8220;tag:h2|font_size:20px|text_align:left&#8220; use_theme_fonts=&#8220;yes&#8220;][vc_column_text]F\u00fcr die Produktion verwenden wir ausschlie\u00dflich hochwertige\u00a0<a href=\"http:\/\/www.officinapolli.it\/templates\/immagini\/hardox_500.pdf\">Hardox\u00ae 500-Platten<\/a>, einen speziellen Verschlei\u00dfschutzstahl, der eine hohe Nutzungsdauer des Produkts erm\u00f6glicht.[\/vc_column_text][vc_single_image image=&#8220;441&#8243; img_size=&#8220;full&#8220; alignment=&#8220;center&#8220;][\/vc_column][vc_column width=&#8220;1\/2&#8243; css=&#8220;.vc_custom_1553356906818{border-top-width: 1px !important;border-right-width: 1px !important;border-bottom-width: 1px !important;border-left-width: 1px !important;padding-top: 8px !important;padding-right: 20px !important;padding-bottom: 8px !important;padding-left: 20px !important;background-color: #ffffff !important;border-left-color: #ffcb00 !important;border-left-style: solid !important;border-right-color: #ffcb00 !important;border-right-style: solid !important;border-top-color: #ffcb00 !important;border-top-style: solid !important;border-bottom-color: #ffcb00 !important;border-bottom-style: solid !important;}&#8220;][vc_custom_heading text=&#8220;Maximale Verarbeitungsflexibilit\u00e4t &#8211; kundenspezifische Verarbeitung&#8220; font_container=&#8220;tag:h2|font_size:20px|text_align:left&#8220; use_theme_fonts=&#8220;yes&#8220;][vc_column_text]Neben den Standardmessungen k\u00f6nnen wir dank unserer Verarbeitungsflexibilit\u00e4t das Produkt an jede Kunden- \/ Benutzeranforderung anpassen. Wir k\u00f6nnen das Blech mit den von Ihnen gelieferten Ma\u00dfen direkt schneiden, bohren und gewindeschneiden, um Ihre Anforderungen zu erf\u00fcllen.[\/vc_column_text][vc_single_image image=&#8220;1039&#8243; img_size=&#8220;full&#8220; alignment=&#8220;center&#8220;][\/vc_column][\/vc_row][vc_row][vc_column][vc_empty_space][\/vc_column][\/vc_row][vc_row css=&#8220;.vc_custom_1553357289779{border-top-width: 1px !important;border-right-width: 1px !important;border-bottom-width: 1px !important;border-left-width: 1px !important;padding-top: 8px !important;padding-right: 20px !important;padding-bottom: 8px !important;padding-left: 20px !important;background-color: #f0f0f0 !important;border-left-color: #e0e0e0 !important;border-left-style: solid !important;border-right-color: #e0e0e0 !important;border-right-style: solid !important;border-top-color: #e0e0e0 !important;border-top-style: solid !important;border-bottom-color: #e0e0e0 !important;border-bottom-style: solid !important;}&#8220;][vc_column css=&#8220;.vc_custom_1553357301683{padding-top: 0px !important;}&#8220;][vc_custom_heading text=&#8220;Der Erfolg der unserer Firma beruht auf die st\u00e4ndige Zusammenarbeit\/ Beratung mit unseren Kunden, sodass alle ihre Kritike und Vorschl\u00e4ge ber\u00fccksichtigt werden.&#8220; font_container=&#8220;tag:h2|font_size:20px|text_align:left|line_height:32px&#8220; use_theme_fonts=&#8220;yes&#8220;][\/vc_column][\/vc_row][vc_row][vc_column][vc_empty_space][\/vc_column][\/vc_row]<\/p>\n","protected":false},"excerpt":{"rendered":"<p>[vc_row][vc_column][vc_empty_space][\/vc_column][\/vc_row][vc_row css=&#8220;.vc_custom_1553364735551{border-top-width: 1px !important;border-right-width: 1px !important;border-bottom-width: 1px !important;border-left-width: 1px !important;padding-top: 8px !important;padding-right: 20px !important;padding-bottom: 8px !important;padding-left: 20px !important;background-color: #ffffff !important;border-left-color: #ffcb00 !important;border-left-style: solid !important;border-right-color: #ffcb00 !important;border-right-style: solid !important;border-top-color: #ffcb00 !important;border-top-style: solid !important;border-bottom-color: #ffcb00 !important;border-bottom-style: solid !important;}&#8220;][vc_column width=&#8220;2\/3&#8243; css=&#8220;.vc_custom_1553364905670{padding-top: 15px !important;}&#8220;][vc_custom_heading text=&#8220;M\u00fcssen Sie eine Arbeit erledigen, die aus einem Blatt gefertigt werden kann?&#8220; font_container=&#8220;tag:h2|font_size:24px|text_align:left|line_height:30px&#8220; use_theme_fonts=&#8220;yes&#8220; css=&#8220;.vc_custom_1553968051408{margin-top: [&hellip;]<\/p>\n","protected":false},"author":1,"featured_media":0,"parent":0,"menu_order":0,"comment_status":"closed","ping_status":"closed","template":"","meta":{"footnotes":""},"class_list":["post-273","page","type-page","status-publish","hentry"],"_links":{"self":[{"href":"https:\/\/officinapolli.it\/de\/wp-json\/wp\/v2\/pages\/273\/"}],"collection":[{"href":"https:\/\/officinapolli.it\/de\/wp-json\/wp\/v2\/pages\/"}],"about":[{"href":"https:\/\/officinapolli.it\/de\/wp-json\/wp\/v2\/types\/page\/"}],"author":[{"embeddable":true,"href":"https:\/\/officinapolli.it\/de\/wp-json\/wp\/v2\/users\/1\/"}],"replies":[{"embeddable":true,"href":"https:\/\/officinapolli.it\/de\/wp-json\/wp\/v2\/comments\/?post=273"}],"version-history":[{"count":9,"href":"https:\/\/officinapolli.it\/de\/wp-json\/wp\/v2\/pages\/273\/revisions\/"}],"predecessor-version":[{"id":1296,"href":"https:\/\/officinapolli.it\/de\/wp-json\/wp\/v2\/pages\/273\/revisions\/1296\/"}],"wp:attachment":[{"href":"https:\/\/officinapolli.it\/de\/wp-json\/wp\/v2\/media\/?parent=273"}],"curies":[{"name":"wp","href":"https:\/\/api.w.org\/{rel}","templated":true}]}}