{"id":290,"date":"2019-03-30T19:19:26","date_gmt":"2019-03-30T18:19:26","guid":{"rendered":"http:\/\/www.officinapolli.it\/?page_id=290"},"modified":"2022-12-19T15:19:29","modified_gmt":"2022-12-19T14:19:29","slug":"produkte","status":"publish","type":"page","link":"https:\/\/officinapolli.it\/de\/produkte\/","title":{"rendered":"Produkte"},"content":{"rendered":"<p>[vc_row][vc_column][vc_empty_space][\/vc_column][\/vc_row][vc_row][vc_column width=&#8220;5\/6&#8243;][vc_empty_space][vc_column_text]Die Polli Giancarlo-Werkstatt ist ein Handwerksbetrieb, der in 1970 gegr\u00fcndet wurde und sich auf die Herstellung von Klingen und Teilen spezialisiert hat, die nach Design oder Mustern auf abriebfesten Platten aus <a href=\"http:\/\/www.officinapolli.it\/templates\/immagini\/hardox_500.pdf\">Hardox\u00ae 500<\/a> geschnittenen werden.[\/vc_column_text][\/vc_column][vc_column width=&#8220;1\/6&#8243;][vc_single_image image=&#8220;1853&#8243; img_size=&#8220;full&#8220;][\/vc_column][\/vc_row][vc_row][vc_column]<div id=\"nitro_custom_css_1960327401\" class=\"nitro-separator  tc solid pr\" data-align=\"center\"><div class=\"sep-left pa sep-icon\"><\/div><div class=\"sep-right pa sep-icon\"><\/div><span class=\"fa fa-adjust\"><\/span><\/div>[\/vc_column][\/vc_row][vc_row][vc_column][vc_empty_space][vc_custom_heading text=&#8220;Einige unserer Produkte&#8220; font_container=&#8220;tag:h3|text_align:left&#8220; use_theme_fonts=&#8220;yes&#8220;][vc_custom_heading text=&#8220;Klingen und Wendemesser f\u00fcr Schaufeln&#8220; font_container=&#8220;tag:h3|text_align:left&#8220; google_fonts=&#8220;font_family:Anton%3Aregular|font_style:400%20regular%3A400%3Anormal&#8220;][vc_column_text]Volvo, Caterpillar, Komatsu, Liebherr, Case, Hunday, Hitachi, New Holland[\/vc_column_text][vc_row_inner][vc_column_inner width=&#8220;1\/3&#8243;][vc_single_image image=&#8220;422&#8243; img_size=&#8220;large&#8220; alignment=&#8220;center&#8220; css=&#8220;.vc_custom_1554724425625{margin-bottom: 10px !important;}&#8220;][vc_column_text]<\/p>\n<p style=\"text-align: center;\">CAT 972 H<\/p>\n<p>[\/vc_column_text][\/vc_column_inner][vc_column_inner width=&#8220;1\/3&#8243;][vc_single_image image=&#8220;430&#8243; img_size=&#8220;large&#8220; alignment=&#8220;center&#8220; css=&#8220;.vc_custom_1554724465205{margin-bottom: 10px !important;}&#8220;][vc_column_text]<\/p>\n<p style=\"text-align: center;\">VOLVO L 150<\/p>\n<p>[\/vc_column_text][\/vc_column_inner][vc_column_inner width=&#8220;1\/3&#8243;][vc_single_image image=&#8220;418&#8243; img_size=&#8220;large&#8220; alignment=&#8220;center&#8220; css=&#8220;.vc_custom_1554724485388{margin-bottom: 10px !important;}&#8220;][vc_column_text]<\/p>\n<div class=\"contProdotti\">\n<div class=\"prodotti_e_descr\">\n<p class=\"moveRight\" style=\"text-align: center;\">KOMATSU DOOZER D 65 PX<\/p>\n<\/div>\n<\/div>\n<div class=\"clear\" style=\"text-align: center;\"><\/div>\n<p>[\/vc_column_text][\/vc_column_inner][\/vc_row_inner][vc_row_inner][vc_column_inner width=&#8220;1\/3&#8243;][vc_single_image image=&#8220;426&#8243; img_size=&#8220;large&#8220; alignment=&#8220;center&#8220; css=&#8220;.vc_custom_1554724521998{margin-bottom: 10px !important;}&#8220;][vc_column_text]<\/p>\n<p style=\"text-align: center;\">VOLVO L 120<\/p>\n<p>[\/vc_column_text][\/vc_column_inner][vc_column_inner width=&#8220;1\/3&#8243;][vc_single_image image=&#8220;1381&#8243; img_size=&#8220;large&#8220;][vc_column_text]<\/p>\n<p style=\"text-align: center;\">CAT 988 K<br \/>\nZentralst\u00fcck abm.1585x500x50 mm<br \/>\nSeitenst\u00fcck abm. 255x700x50 mm<\/p>\n<p>[\/vc_column_text][\/vc_column_inner][vc_column_inner width=&#8220;1\/3&#8243;][vc_single_image image=&#8220;1372&#8243; img_size=&#8220;large&#8220;][vc_column_text]<\/p>\n<p style=\"text-align: center;\">CAT 988 K<br \/>\nSeitenst\u00fcck abm. 255x700x50 mm<\/p>\n<p>[\/vc_column_text][\/vc_column_inner][\/vc_row_inner][vc_custom_heading text=&#8220;Verschlei\u00dfblech und Interdentalteile f\u00fcr Klingen&#8220; font_container=&#8220;tag:h3|text_align:left&#8220; google_fonts=&#8220;font_family:Anton%3Aregular|font_style:400%20regular%3A400%3Anormal&#8220;][vc_column_text]Volvo, Caterpillar, Komatsu, Liebherr, Case, Hunday, Hitachi, New Holland[\/vc_column_text][vc_row_inner][vc_column_inner width=&#8220;1\/3&#8243;][vc_single_image image=&#8220;406&#8243; img_size=&#8220;large&#8220;][vc_column_text]<\/p>\n<p style=\"text-align: center;\">VERSCHLEI\u00dfBLECH CAT\u00a0 966\/972 H<\/p>\n<p>[\/vc_column_text][\/vc_column_inner][vc_column_inner width=&#8220;1\/3&#8243;][vc_single_image image=&#8220;410&#8243; img_size=&#8220;large&#8220;][vc_column_text]<\/p>\n<p style=\"text-align: center;\">VERSCHLEI\u00dfBLECH VOLVO L 150<\/p>\n<p>[\/vc_column_text][\/vc_column_inner][vc_column_inner width=&#8220;1\/3&#8243;][vc_single_image image=&#8220;158&#8243; img_size=&#8220;large&#8220;][\/vc_column_inner][\/vc_row_inner][vc_row_inner][vc_column_inner width=&#8220;1\/3&#8243;][vc_single_image image=&#8220;1395&#8243; img_size=&#8220;large&#8220;][vc_column_text]<\/p>\n<p style=\"text-align: center;\">INTERDENTALTEILE DICKE 60 MM<\/p>\n<p>[\/vc_column_text][\/vc_column_inner][vc_column_inner width=&#8220;1\/3&#8243;][\/vc_column_inner][vc_column_inner width=&#8220;1\/3&#8243;][\/vc_column_inner][\/vc_row_inner][vc_custom_heading text=&#8220;Blech und Beschichtung f\u00fcr Zementmischer&#8220; font_container=&#8220;tag:h3|text_align:left&#8220; google_fonts=&#8220;font_family:Anton%3Aregular|font_style:400%20regular%3A400%3Anormal&#8220;][vc_row_inner][vc_column_inner width=&#8220;1\/6&#8243;][vc_single_image image=&#8220;166&#8243; img_size=&#8220;large&#8220;][\/vc_column_inner][vc_column_inner width=&#8220;1\/6&#8243;][vc_single_image image=&#8220;162&#8243; img_size=&#8220;large&#8220;][\/vc_column_inner][vc_column_inner width=&#8220;1\/6&#8243;][\/vc_column_inner][vc_column_inner width=&#8220;1\/6&#8243;][\/vc_column_inner][vc_column_inner width=&#8220;1\/6&#8243;][\/vc_column_inner][vc_column_inner width=&#8220;1\/6&#8243;][\/vc_column_inner][\/vc_row_inner][vc_custom_heading text=&#8220;Panzerplatten und H\u00e4mmer, erh\u00e4ltlich aus Blech f\u00fcr Kiesm\u00fchlen&#8220; font_container=&#8220;tag:h3|text_align:left&#8220; google_fonts=&#8220;font_family:Anton%3Aregular|font_style:400%20regular%3A400%3Anormal&#8220;][vc_row_inner][vc_column_inner width=&#8220;1\/6&#8243;][vc_single_image image=&#8220;402&#8243; img_size=&#8220;large&#8220;][\/vc_column_inner][vc_column_inner width=&#8220;1\/6&#8243;][vc_single_image image=&#8220;398&#8243; img_size=&#8220;large&#8220;][\/vc_column_inner][vc_column_inner width=&#8220;1\/6&#8243;][\/vc_column_inner][vc_column_inner width=&#8220;1\/6&#8243;][\/vc_column_inner][vc_column_inner width=&#8220;1\/6&#8243;][\/vc_column_inner][vc_column_inner width=&#8220;1\/6&#8243;][\/vc_column_inner][\/vc_row_inner][\/vc_column][\/vc_row][vc_row][vc_column]<div id=\"nitro_custom_css_1603296255\" class=\"nitro-separator  tc solid pr\" data-align=\"center\"><div class=\"sep-left pa sep-icon\"><\/div><div class=\"sep-right pa sep-icon\"><\/div><span class=\"fa fa-adjust\"><\/span><\/div>[vc_empty_space][\/vc_column][\/vc_row][vc_row gap=&#8220;30&#8243;][vc_column width=&#8220;1\/4&#8243;][vc_custom_heading text=&#8220;Kundenspezifische Verarbeitung?&#8220; font_container=&#8220;tag:h3|text_align:left&#8220; use_theme_fonts=&#8220;yes&#8220;][vc_custom_heading text=&#8220;Wir k\u00f6nnen jede kundenspezifische Arbeit erledigen, die vom Blatt durch eine Zeichnung des Kunden erhalten werden kann&#8220; font_container=&#8220;tag:p|text_align:left&#8220; use_theme_fonts=&#8220;yes&#8220;][\/vc_column][vc_column width=&#8220;3\/4&#8243; css=&#8220;.vc_custom_1553363292275{border-top-width: 1px !important;border-right-width: 1px !important;border-bottom-width: 1px !important;border-left-width: 1px !important;padding-top: 8px !important;padding-right: 20px !important;padding-bottom: 0px !important;padding-left: 20px !important;background-color: #ffffff !important;border-left-color: #ffcb00 !important;border-left-style: solid !important;border-right-color: #ffcb00 !important;border-right-style: solid !important;border-top-color: #ffcb00 !important;border-top-style: solid !important;border-bottom-color: #ffcb00 !important;border-bottom-style: solid !important;}&#8220;][vc_custom_heading text=&#8220;Angebot anfordern&#8220; font_container=&#8220;tag:h4|text_align:left&#8220; use_theme_fonts=&#8220;yes&#8220;]\n<div class=\"wpcf7 no-js\" id=\"wpcf7-f385-o1\" lang=\"it-IT\" dir=\"ltr\" data-wpcf7-id=\"385\">\n<div class=\"screen-reader-response\"><p role=\"status\" aria-live=\"polite\" aria-atomic=\"true\"><\/p> <ul><\/ul><\/div>\n<form action=\"\/de\/wp-json\/wp\/v2\/pages\/290\/#wpcf7-f385-o1\" method=\"post\" class=\"wpcf7-form init\" aria-label=\"Kontaktformular\" enctype=\"multipart\/form-data\" novalidate=\"novalidate\" data-status=\"init\">\n<fieldset class=\"hidden-fields-container\"><input type=\"hidden\" name=\"_wpcf7\" value=\"385\" \/><input type=\"hidden\" name=\"_wpcf7_version\" value=\"6.1.5\" \/><input type=\"hidden\" name=\"_wpcf7_locale\" value=\"it_IT\" \/><input type=\"hidden\" name=\"_wpcf7_unit_tag\" value=\"wpcf7-f385-o1\" \/><input type=\"hidden\" name=\"_wpcf7_container_post\" value=\"0\" \/><input type=\"hidden\" name=\"_wpcf7_posted_data_hash\" value=\"\" \/><input type=\"hidden\" name=\"_wpcf7_recaptcha_response\" value=\"\" \/>\n<\/fieldset>\n<p><label> Name (Pflichtfeld)<br \/>\n<span class=\"wpcf7-form-control-wrap\" data-name=\"your-name\"><input size=\"40\" maxlength=\"400\" class=\"wpcf7-form-control wpcf7-text wpcf7-validates-as-required\" aria-required=\"true\" aria-invalid=\"false\" value=\"\" type=\"text\" name=\"your-name\" \/><\/span> <\/label>\n<\/p>\n<p><label> E-Mail (Pflichtfeld)<br \/>\n<span class=\"wpcf7-form-control-wrap\" data-name=\"your-email\"><input size=\"40\" maxlength=\"400\" class=\"wpcf7-form-control wpcf7-email wpcf7-validates-as-required wpcf7-text wpcf7-validates-as-email\" aria-required=\"true\" aria-invalid=\"false\" value=\"\" type=\"email\" name=\"your-email\" \/><\/span> <\/label>\n<\/p>\n<p><label> Anhang<br \/>\n<span class=\"wpcf7-form-control-wrap\" data-name=\"your-file\"><input size=\"40\" class=\"wpcf7-form-control wpcf7-file\" accept=\".pdf,.txt\" aria-invalid=\"false\" type=\"file\" name=\"your-file\" \/><\/span> <\/label>\n<\/p>\n<p><label> Gegenstand<br \/>\n<span class=\"wpcf7-form-control-wrap\" data-name=\"your-subject\"><input size=\"40\" maxlength=\"400\" class=\"wpcf7-form-control wpcf7-text\" aria-invalid=\"false\" value=\"\" type=\"text\" name=\"your-subject\" \/><\/span> <\/label>\n<\/p>\n<p><label> Nachricht<br \/>\n<span class=\"wpcf7-form-control-wrap\" data-name=\"your-message\"><textarea cols=\"40\" rows=\"10\" maxlength=\"2000\" class=\"wpcf7-form-control wpcf7-textarea\" aria-invalid=\"false\" name=\"your-message\"><\/textarea><\/span> <\/label>\n<\/p>\n<p><input class=\"wpcf7-form-control wpcf7-submit has-spinner\" type=\"submit\" value=\"Senden\" \/>\n<\/p><div class=\"wpcf7-response-output\" aria-hidden=\"true\"><\/div>\n<\/form>\n<\/div>\n[\/vc_column][\/vc_row][vc_row][vc_column][vc_empty_space][\/vc_column][\/vc_row]<\/p>\n","protected":false},"excerpt":{"rendered":"<p>[vc_row][vc_column][vc_empty_space][\/vc_column][\/vc_row][vc_row][vc_column width=&#8220;5\/6&#8243;][vc_empty_space][vc_column_text]Die Polli Giancarlo-Werkstatt ist ein Handwerksbetrieb, der in 1970 gegr\u00fcndet wurde und sich auf die Herstellung von Klingen und Teilen spezialisiert hat, die nach Design oder Mustern auf abriebfesten Platten aus Hardox\u00ae 500 geschnittenen werden.[\/vc_column_text][\/vc_column][vc_column width=&#8220;1\/6&#8243;][vc_single_image image=&#8220;1853&#8243; img_size=&#8220;full&#8220;][\/vc_column][\/vc_row][vc_row][vc_column][\/vc_column][\/vc_row][vc_row][vc_column][vc_empty_space][vc_custom_heading text=&#8220;Einige unserer Produkte&#8220; font_container=&#8220;tag:h3|text_align:left&#8220; use_theme_fonts=&#8220;yes&#8220;][vc_custom_heading text=&#8220;Klingen und Wendemesser f\u00fcr Schaufeln&#8220; font_container=&#8220;tag:h3|text_align:left&#8220; google_fonts=&#8220;font_family:Anton%3Aregular|font_style:400%20regular%3A400%3Anormal&#8220;][vc_column_text]Volvo, Caterpillar, Komatsu, Liebherr, Case, [&hellip;]<\/p>\n","protected":false},"author":1,"featured_media":0,"parent":0,"menu_order":0,"comment_status":"closed","ping_status":"closed","template":"","meta":{"footnotes":""},"class_list":["post-290","page","type-page","status-publish","hentry"],"_links":{"self":[{"href":"https:\/\/officinapolli.it\/de\/wp-json\/wp\/v2\/pages\/290\/"}],"collection":[{"href":"https:\/\/officinapolli.it\/de\/wp-json\/wp\/v2\/pages\/"}],"about":[{"href":"https:\/\/officinapolli.it\/de\/wp-json\/wp\/v2\/types\/page\/"}],"author":[{"embeddable":true,"href":"https:\/\/officinapolli.it\/de\/wp-json\/wp\/v2\/users\/1\/"}],"replies":[{"embeddable":true,"href":"https:\/\/officinapolli.it\/de\/wp-json\/wp\/v2\/comments\/?post=290"}],"version-history":[{"count":16,"href":"https:\/\/officinapolli.it\/de\/wp-json\/wp\/v2\/pages\/290\/revisions\/"}],"predecessor-version":[{"id":1869,"href":"https:\/\/officinapolli.it\/de\/wp-json\/wp\/v2\/pages\/290\/revisions\/1869\/"}],"wp:attachment":[{"href":"https:\/\/officinapolli.it\/de\/wp-json\/wp\/v2\/media\/?parent=290"}],"curies":[{"name":"wp","href":"https:\/\/api.w.org\/{rel}","templated":true}]}}