{"id":268,"date":"2019-03-30T18:41:25","date_gmt":"2019-03-30T17:41:25","guid":{"rendered":"http:\/\/www.officinapolli.it\/?page_id=268"},"modified":"2019-05-15T08:57:41","modified_gmt":"2019-05-15T06:57:41","slug":"home","status":"publish","type":"page","link":"https:\/\/officinapolli.it\/fr\/home\/","title":{"rendered":"Home"},"content":{"rendered":"<p>[vc_row][vc_column][vc_empty_space][\/vc_column][\/vc_row][vc_row css=\u00a0\u00bb.vc_custom_1553364735551{border-top-width: 1px !important;border-right-width: 1px !important;border-bottom-width: 1px !important;border-left-width: 1px !important;padding-top: 8px !important;padding-right: 20px !important;padding-bottom: 8px !important;padding-left: 20px !important;background-color: #ffffff !important;border-left-color: #ffcb00 !important;border-left-style: solid !important;border-right-color: #ffcb00 !important;border-right-style: solid !important;border-top-color: #ffcb00 !important;border-top-style: solid !important;border-bottom-color: #ffcb00 !important;border-bottom-style: solid !important;}\u00a0\u00bb][vc_column width=\u00a0\u00bb2\/3&Prime; css=\u00a0\u00bb.vc_custom_1553364905670{padding-top: 15px !important;}\u00a0\u00bb][vc_custom_heading text=\u00a0\u00bbAvez-vous un travail qui peut \u00eatre fabriqu\u00e9 \u00e0 partir d&rsquo;une feuille?\u00a0\u00bb font_container=\u00a0\u00bbtag:h2|font_size:24px|text_align:left|line_height:30px\u00a0\u00bb use_theme_fonts=\u00a0\u00bbyes\u00a0\u00bb css=\u00a0\u00bb.vc_custom_1553967893436{margin-top: 0px !important;}\u00a0\u00bb][vc_custom_heading text=\u00a0\u00bbDemander un devis gratuit\u00a0\u00bb font_container=\u00a0\u00bbtag:h4|text_align:left\u00a0\u00bb use_theme_fonts=\u00a0\u00bbyes\u00a0\u00bb][\/vc_column][vc_column width=\u00a0\u00bb1\/3&Prime; css=\u00a0\u00bb.vc_custom_1553364913481{padding-top: 25px !important;}\u00a0\u00bb][vc_btn title=\u00a0\u00bbDEMANDEZ UN DEVIS MAINTENANT\u00a0\u00bb style=\u00a0\u00bbflat\u00a0\u00bb color=\u00a0\u00bborange\u00a0\u00bb align=\u00a0\u00bbleft\u00a0\u00bb i_icon_fontawesome=\u00a0\u00bbfa fa-question\u00a0\u00bb add_icon=\u00a0\u00bbtrue\u00a0\u00bb link=\u00a0\u00bburl:http%3A%2F%2Fwww.officinapolli.it%2Ffr%2Fdevis%2F|title:Preventivi||\u00a0\u00bb][\/vc_column][\/vc_row][vc_row css=\u00a0\u00bb.vc_custom_1552586867766{margin-bottom: 0px !important;}\u00a0\u00bb][vc_column][vc_empty_space height=\u00a0\u00bb42px\u00a0\u00bb][vc_column_text]L&rsquo;usine Polli Giancarlo est une entreprise artisanale fond\u00e9e en 1970 sp\u00e9cialis\u00e9e dans la production de lames et de pi\u00e8ces de motifs ou d&rsquo;\u00e9chantillons d\u00e9coup\u00e9s sur une feuille r\u00e9sistant \u00e0 l&rsquo;usure <a href=\"http:\/\/www.officinapolli.it\/templates\/immagini\/hardox_500.pdf\" target=\"_blank\" rel=\"noopener noreferrer\"><span class=\"red\">Hardox\u00ae 500<\/span><\/a>.[\/vc_column_text][\/vc_column][\/vc_row][vc_row gap=\u00a0\u00bb25&Prime;][vc_column width=\u00a0\u00bb1\/2&Prime; css=\u00a0\u00bb.vc_custom_1553357159018{border-top-width: 1px !important;border-right-width: 1px !important;border-bottom-width: 1px !important;border-left-width: 1px !important;padding-top: 8px !important;padding-right: 20px !important;padding-bottom: 8px !important;padding-left: 20px !important;background-color: #ffffff !important;border-left-color: #ffcb00 !important;border-left-style: solid !important;border-right-color: #ffcb00 !important;border-right-style: solid !important;border-top-color: #ffcb00 !important;border-top-style: solid !important;border-bottom-color: #ffcb00 !important;border-bottom-style: solid !important;}\u00a0\u00bb][vc_custom_heading text=\u00a0\u00bbHaute qualit\u00e9 du produit\u00a0\u00bb font_container=\u00a0\u00bbtag:h2|font_size:20px|text_align:left\u00a0\u00bb use_theme_fonts=\u00a0\u00bbyes\u00a0\u00bb][vc_column_text]Nous utilisons exclusivement pour la production de la feuille <span class=\"red\"><a href=\"http:\/\/www.officinapolli.it\/templates\/immagini\/hardox_500.pdf\" target=\"_blank\" rel=\"noopener noreferrer\">Hardox\u00ae 500<\/a><\/span> de haute qualit\u00e9, un acier sp\u00e9cial anti-usure qui vous permet d\u2019atteindre un nombre \u00e9lev\u00e9 d\u2019heures.[\/vc_column_text][vc_single_image image=\u00a0\u00bb440&Prime; img_size=\u00a0\u00bbfull\u00a0\u00bb alignment=\u00a0\u00bbcenter\u00a0\u00bb][\/vc_column][vc_column width=\u00a0\u00bb1\/2&Prime; css=\u00a0\u00bb.vc_custom_1553356906818{border-top-width: 1px !important;border-right-width: 1px !important;border-bottom-width: 1px !important;border-left-width: 1px !important;padding-top: 8px !important;padding-right: 20px !important;padding-bottom: 8px !important;padding-left: 20px !important;background-color: #ffffff !important;border-left-color: #ffcb00 !important;border-left-style: solid !important;border-right-color: #ffcb00 !important;border-right-style: solid !important;border-top-color: #ffcb00 !important;border-top-style: solid !important;border-bottom-color: #ffcb00 !important;border-bottom-style: solid !important;}\u00a0\u00bb][vc_custom_heading text=\u00a0\u00bbSouplesse maximale du traitement &#8211; traitement personnalis\u00e9\u00a0\u00bb font_container=\u00a0\u00bbtag:h2|font_size:20px|text_align:left\u00a0\u00bb use_theme_fonts=\u00a0\u00bbyes\u00a0\u00bb][vc_column_text]En plus des mesures standard, la flexibilit\u00e9 de traitement nous permet d\u2019adapter le produit \u00e0 chaque demande client \/ utilisateur. Nous pouvons couper, percer et fileter la feuille directement avec les mesures que vous fournissez, pour r\u00e9pondre \u00e0 tous vos besoins.[\/vc_column_text][vc_single_image image=\u00a0\u00bb1038&Prime; img_size=\u00a0\u00bbfull\u00a0\u00bb alignment=\u00a0\u00bbcenter\u00a0\u00bb][\/vc_column][\/vc_row][vc_row][vc_column][vc_empty_space][\/vc_column][\/vc_row][vc_row css=\u00a0\u00bb.vc_custom_1553357289779{border-top-width: 1px !important;border-right-width: 1px !important;border-bottom-width: 1px !important;border-left-width: 1px !important;padding-top: 8px !important;padding-right: 20px !important;padding-bottom: 8px !important;padding-left: 20px !important;background-color: #f0f0f0 !important;border-left-color: #e0e0e0 !important;border-left-style: solid !important;border-right-color: #e0e0e0 !important;border-right-style: solid !important;border-top-color: #e0e0e0 !important;border-top-style: solid !important;border-bottom-color: #e0e0e0 !important;border-bottom-style: solid !important;}\u00a0\u00bb][vc_column css=\u00a0\u00bb.vc_custom_1553357301683{padding-top: 0px !important;}\u00a0\u00bb][vc_custom_heading text=\u00a0\u00bbLe succ\u00e8s de notre soci\u00e9t\u00e9 a \u00e9galement \u00e9t\u00e9 rendu possible gr\u00e2ce \u00e0 la collaboration \/ conseil continu avec nos clients, \u00e9valuant chacune de leurs critiques \/ suggestions pour am\u00e9liorer notre produit.\u00a0\u00bb font_container=\u00a0\u00bbtag:h2|font_size:20px|text_align:left|line_height:32px\u00a0\u00bb use_theme_fonts=\u00a0\u00bbyes\u00a0\u00bb][\/vc_column][\/vc_row][vc_row][vc_column][vc_empty_space][\/vc_column][\/vc_row]<\/p>\n","protected":false},"excerpt":{"rendered":"<p>[vc_row][vc_column][vc_empty_space][\/vc_column][\/vc_row][vc_row css=\u00a0\u00bb.vc_custom_1553364735551{border-top-width: 1px !important;border-right-width: 1px !important;border-bottom-width: 1px !important;border-left-width: 1px !important;padding-top: 8px !important;padding-right: 20px !important;padding-bottom: 8px !important;padding-left: 20px !important;background-color: #ffffff !important;border-left-color: #ffcb00 !important;border-left-style: solid !important;border-right-color: #ffcb00 !important;border-right-style: solid !important;border-top-color: #ffcb00 !important;border-top-style: solid !important;border-bottom-color: #ffcb00 !important;border-bottom-style: solid !important;}\u00a0\u00bb][vc_column width=\u00a0\u00bb2\/3&Prime; css=\u00a0\u00bb.vc_custom_1553364905670{padding-top: 15px !important;}\u00a0\u00bb][vc_custom_heading text=\u00a0\u00bbAvez-vous un travail qui peut \u00eatre fabriqu\u00e9 \u00e0 partir d&rsquo;une feuille?\u00a0\u00bb font_container=\u00a0\u00bbtag:h2|font_size:24px|text_align:left|line_height:30px\u00a0\u00bb use_theme_fonts=\u00a0\u00bbyes\u00a0\u00bb css=\u00a0\u00bb.vc_custom_1553967893436{margin-top: 0px [&hellip;]<\/p>\n","protected":false},"author":1,"featured_media":0,"parent":0,"menu_order":0,"comment_status":"closed","ping_status":"closed","template":"","meta":{"footnotes":""},"class_list":["post-268","page","type-page","status-publish","hentry"],"_links":{"self":[{"href":"https:\/\/officinapolli.it\/fr\/wp-json\/wp\/v2\/pages\/268\/"}],"collection":[{"href":"https:\/\/officinapolli.it\/fr\/wp-json\/wp\/v2\/pages\/"}],"about":[{"href":"https:\/\/officinapolli.it\/fr\/wp-json\/wp\/v2\/types\/page\/"}],"author":[{"embeddable":true,"href":"https:\/\/officinapolli.it\/fr\/wp-json\/wp\/v2\/users\/1\/"}],"replies":[{"embeddable":true,"href":"https:\/\/officinapolli.it\/fr\/wp-json\/wp\/v2\/comments\/?post=268"}],"version-history":[{"count":9,"href":"https:\/\/officinapolli.it\/fr\/wp-json\/wp\/v2\/pages\/268\/revisions\/"}],"predecessor-version":[{"id":1295,"href":"https:\/\/officinapolli.it\/fr\/wp-json\/wp\/v2\/pages\/268\/revisions\/1295\/"}],"wp:attachment":[{"href":"https:\/\/officinapolli.it\/fr\/wp-json\/wp\/v2\/media\/?parent=268"}],"curies":[{"name":"wp","href":"https:\/\/api.w.org\/{rel}","templated":true}]}}