{"id":313,"date":"2019-03-30T19:32:38","date_gmt":"2019-03-30T18:32:38","guid":{"rendered":"http:\/\/www.officinapolli.it\/?page_id=313"},"modified":"2023-03-14T09:12:41","modified_gmt":"2023-03-14T08:12:41","slug":"contacts","status":"publish","type":"page","link":"https:\/\/officinapolli.it\/fr\/contacts\/","title":{"rendered":"Contacts"},"content":{"rendered":"<p>[vc_row][vc_column][vc_empty_space][vc_custom_heading text=\u00a0\u00bbPolli Giancarlo Officina Meccanica\u00a0\u00bb use_theme_fonts=\u00a0\u00bbyes\u00a0\u00bb][vc_empty_space][\/vc_column][\/vc_row][vc_row full_width=\u00a0\u00bbstretch_row_content_no_spaces\u00a0\u00bb][vc_column][vc_raw_html]JTNDaWZyYW1lJTIwc3JjJTNEJTIyaHR0cHMlM0ElMkYlMkZ3d3cuZ29vZ2xlLmNvbSUyRm1hcHMlMkZlbWJlZCUzRnBiJTNEJTIxMW0xOCUyMTFtMTIlMjExbTMlMjExZDI4NDMuMzk1NTQ0NjcxNTAxJTIxMmQxMS4wMDMwMTU3MTU5MDM2NjUlMjEzZDQ0LjU0ODAwNzY3OTEwMDkyJTIxMm0zJTIxMWYwJTIxMmYwJTIxM2YwJTIxM20yJTIxMWkxMDI0JTIxMmk3NjglMjE0ZjEzLjElMjEzbTMlMjExbTIlMjExczB4NDc3ZmU3NTQ2OTU0OTE5OSUyNTNBMHg0NTkxZDYwNDI4YmYwNTk2JTIxMnNWaWElMjUyME1hc2VyYSUyNTIwZGklMjUyMFNvdHRvJTI1MkMlMjUyMDM5JTI1MkMlMjUyMDQxMDU3JTI1MjBTcGlsYW1iZXJ0byUyNTIwTU8lMjE1ZTAlMjEzbTIlMjExc2l0JTIxMnNpdCUyMTR2MTYyNTczMjEzNTQ0NSUyMTVtMiUyMTFzaXQlMjEyc2l0JTIyJTIwd2lkdGglM0QlMjIxMDAlMjUlMjIlMjBoZWlnaHQlM0QlMjI0NTAlMjIlMjBzdHlsZSUzRCUyMm92ZXJmbG93JTNBaGlkZGVuJTNCaGVpZ2h0JTNBNDUwd2lkdGglM0ExMDAlMjUlMjIlMjBhbGxvd2Z1bGxzY3JlZW4lM0QlMjIlMjIlMjBsb2FkaW5nJTNEJTIybGF6eSUyMiUzRSUzQyUyRmlmcmFtZSUzRQ==[\/vc_raw_html][\/vc_column][\/vc_row][vc_row][vc_column width=\u00a0\u00bb5\/6&Prime;][vc_empty_space][vc_column_text]L&rsquo;atelier d&rsquo;usinage Polli Giancarlo est une entreprise artisanale cr\u00e9\u00e9e en 1970 et sp\u00e9cialis\u00e9e dans la production de lames et de pi\u00e8ces de motifs ou d&rsquo;\u00e9chantillons d\u00e9coup\u00e9s sur des feuilles anti-usure <a href=\"http:\/\/www.officinapolli.it\/templates\/immagini\/hardox_500.pdf\" target=\"_blank\" rel=\"noopener noreferrer\"><span class=\"red\">Hardox\u00ae 500<\/span><\/a>.[\/vc_column_text][\/vc_column][vc_column width=\u00a0\u00bb1\/6&Prime;][vc_single_image image=\u00a0\u00bb1852&Prime; img_size=\u00a0\u00bbmedium\u00a0\u00bb][\/vc_column][\/vc_row][vc_row][vc_column][vc_empty_space height=\u00a0\u00bb42px\u00a0\u00bb][\/vc_column][\/vc_row][vc_row][vc_column width=\u00a0\u00bb1\/4&Prime;][vc_column_text]<strong>Polli Giancarlo Officina Meccanica<br \/>\n<\/strong>Sottolame benne in Hardox 500<\/p>\n<p>Via Masera di sotto n. 39<br \/>\n41057 &#8211; Spilamberto (Mo)<\/p>\n<p>TEL. 059\/783576<br \/>\nFAX 059\/7861850<\/p>\n<p>E-mail: officinapolli@gmail.com<br \/>\nPEC polligiancarlo@cert.cna.it[\/vc_column_text][\/vc_column][vc_column width=\u00a0\u00bb3\/4&Prime; css=\u00a0\u00bb.vc_custom_1553361740661{border-top-width: 1px !important;border-right-width: 1px !important;border-bottom-width: 1px !important;border-left-width: 1px !important;padding-top: 8px !important;padding-right: 20px !important;padding-bottom: 0px !important;padding-left: 20px !important;background-color: #ffffff !important;border-left-color: #ffcb00 !important;border-left-style: solid !important;border-right-color: #ffcb00 !important;border-right-style: solid !important;border-top-color: #ffcb00 !important;border-top-style: solid !important;border-bottom-color: #ffcb00 !important;border-bottom-style: solid !important;}\u00a0\u00bb][vc_custom_heading text=\u00a0\u00bbDemande d&rsquo;information\u00a0\u00bb font_container=\u00a0\u00bbtag:h4|text_align:left\u00a0\u00bb use_theme_fonts=\u00a0\u00bbyes\u00a0\u00bb]\n<div class=\"wpcf7 no-js\" id=\"wpcf7-f384-o1\" lang=\"it-IT\" dir=\"ltr\" data-wpcf7-id=\"384\">\n<div class=\"screen-reader-response\"><p role=\"status\" aria-live=\"polite\" aria-atomic=\"true\"><\/p> <ul><\/ul><\/div>\n<form action=\"\/fr\/wp-json\/wp\/v2\/pages\/313\/#wpcf7-f384-o1\" method=\"post\" class=\"wpcf7-form init\" aria-label=\"Formulaire de contact\" enctype=\"multipart\/form-data\" novalidate=\"novalidate\" data-status=\"init\">\n<fieldset class=\"hidden-fields-container\"><input type=\"hidden\" name=\"_wpcf7\" value=\"384\" \/><input type=\"hidden\" name=\"_wpcf7_version\" value=\"6.1.5\" \/><input type=\"hidden\" name=\"_wpcf7_locale\" value=\"it_IT\" \/><input type=\"hidden\" name=\"_wpcf7_unit_tag\" value=\"wpcf7-f384-o1\" \/><input type=\"hidden\" name=\"_wpcf7_container_post\" value=\"0\" \/><input type=\"hidden\" name=\"_wpcf7_posted_data_hash\" value=\"\" \/><input type=\"hidden\" name=\"_wpcf7_recaptcha_response\" value=\"\" \/>\n<\/fieldset>\n<p><label> Votre nom (obligatoire)<br \/>\n<span class=\"wpcf7-form-control-wrap\" data-name=\"your-name\"><input size=\"40\" maxlength=\"400\" class=\"wpcf7-form-control wpcf7-text wpcf7-validates-as-required\" aria-required=\"true\" aria-invalid=\"false\" value=\"\" type=\"text\" name=\"your-name\" \/><\/span> <\/label>\n<\/p>\n<p><label> Votre email (obligatoire)<br \/>\n<span class=\"wpcf7-form-control-wrap\" data-name=\"your-email\"><input size=\"40\" maxlength=\"400\" class=\"wpcf7-form-control wpcf7-email wpcf7-validates-as-required wpcf7-text wpcf7-validates-as-email\" aria-required=\"true\" aria-invalid=\"false\" value=\"\" type=\"email\" name=\"your-email\" \/><\/span> <\/label>\n<\/p>\n<p><label> Votre pi\u00e8ce jointe<br \/>\n<span class=\"wpcf7-form-control-wrap\" data-name=\"your-file\"><input size=\"40\" class=\"wpcf7-form-control wpcf7-file\" accept=\".pdf,.txt\" aria-invalid=\"false\" type=\"file\" name=\"your-file\" \/><\/span> <\/label>\n<\/p>\n<p><label> Votre message<br \/>\n<span class=\"wpcf7-form-control-wrap\" data-name=\"your-subject\"><input size=\"40\" maxlength=\"400\" class=\"wpcf7-form-control wpcf7-text\" aria-invalid=\"false\" value=\"\" type=\"text\" name=\"your-subject\" \/><\/span> <\/label>\n<\/p>\n<p><label> Votre message<br \/>\n<span class=\"wpcf7-form-control-wrap\" data-name=\"your-message\"><textarea cols=\"40\" rows=\"10\" maxlength=\"2000\" class=\"wpcf7-form-control wpcf7-textarea\" aria-invalid=\"false\" name=\"your-message\"><\/textarea><\/span> <\/label>\n<\/p>\n<p><input class=\"wpcf7-form-control wpcf7-submit has-spinner\" type=\"submit\" value=\"Envoyer\" \/>\n<\/p><div class=\"wpcf7-response-output\" aria-hidden=\"true\"><\/div>\n<\/form>\n<\/div>\n[\/vc_column][\/vc_row][vc_row][vc_column][vc_empty_space][\/vc_column][\/vc_row]<\/p>\n","protected":false},"excerpt":{"rendered":"<p>[vc_row][vc_column][vc_empty_space][vc_custom_heading text=\u00a0\u00bbPolli Giancarlo Officina Meccanica\u00a0\u00bb use_theme_fonts=\u00a0\u00bbyes\u00a0\u00bb][vc_empty_space][\/vc_column][\/vc_row][vc_row full_width=\u00a0\u00bbstretch_row_content_no_spaces\u00a0\u00bb][vc_column][vc_raw_html]JTNDaWZyYW1lJTIwc3JjJTNEJTIyaHR0cHMlM0ElMkYlMkZ3d3cuZ29vZ2xlLmNvbSUyRm1hcHMlMkZlbWJlZCUzRnBiJTNEJTIxMW0xOCUyMTFtMTIlMjExbTMlMjExZDI4NDMuMzk1NTQ0NjcxNTAxJTIxMmQxMS4wMDMwMTU3MTU5MDM2NjUlMjEzZDQ0LjU0ODAwNzY3OTEwMDkyJTIxMm0zJTIxMWYwJTIxMmYwJTIxM2YwJTIxM20yJTIxMWkxMDI0JTIxMmk3NjglMjE0ZjEzLjElMjEzbTMlMjExbTIlMjExczB4NDc3ZmU3NTQ2OTU0OTE5OSUyNTNBMHg0NTkxZDYwNDI4YmYwNTk2JTIxMnNWaWElMjUyME1hc2VyYSUyNTIwZGklMjUyMFNvdHRvJTI1MkMlMjUyMDM5JTI1MkMlMjUyMDQxMDU3JTI1MjBTcGlsYW1iZXJ0byUyNTIwTU8lMjE1ZTAlMjEzbTIlMjExc2l0JTIxMnNpdCUyMTR2MTYyNTczMjEzNTQ0NSUyMTVtMiUyMTFzaXQlMjEyc2l0JTIyJTIwd2lkdGglM0QlMjIxMDAlMjUlMjIlMjBoZWlnaHQlM0QlMjI0NTAlMjIlMjBzdHlsZSUzRCUyMm92ZXJmbG93JTNBaGlkZGVuJTNCaGVpZ2h0JTNBNDUwd2lkdGglM0ExMDAlMjUlMjIlMjBhbGxvd2Z1bGxzY3JlZW4lM0QlMjIlMjIlMjBsb2FkaW5nJTNEJTIybGF6eSUyMiUzRSUzQyUyRmlmcmFtZSUzRQ==[\/vc_raw_html][\/vc_column][\/vc_row][vc_row][vc_column width=\u00a0\u00bb5\/6&Prime;][vc_empty_space][vc_column_text]L&rsquo;atelier d&rsquo;usinage Polli Giancarlo est une entreprise artisanale cr\u00e9\u00e9e en 1970 et sp\u00e9cialis\u00e9e dans la production de lames et de pi\u00e8ces de motifs ou d&rsquo;\u00e9chantillons d\u00e9coup\u00e9s sur des feuilles anti-usure Hardox\u00ae 500.[\/vc_column_text][\/vc_column][vc_column width=\u00a0\u00bb1\/6&Prime;][vc_single_image image=\u00a0\u00bb1852&Prime; img_size=\u00a0\u00bbmedium\u00a0\u00bb][\/vc_column][\/vc_row][vc_row][vc_column][vc_empty_space height=\u00a0\u00bb42px\u00a0\u00bb][\/vc_column][\/vc_row][vc_row][vc_column width=\u00a0\u00bb1\/4&Prime;][vc_column_text]Polli Giancarlo Officina Meccanica Sottolame benne in Hardox 500 Via Masera di [&hellip;]<\/p>\n","protected":false},"author":1,"featured_media":0,"parent":0,"menu_order":0,"comment_status":"closed","ping_status":"closed","template":"","meta":{"footnotes":""},"class_list":["post-313","page","type-page","status-publish","hentry"],"_links":{"self":[{"href":"https:\/\/officinapolli.it\/fr\/wp-json\/wp\/v2\/pages\/313\/"}],"collection":[{"href":"https:\/\/officinapolli.it\/fr\/wp-json\/wp\/v2\/pages\/"}],"about":[{"href":"https:\/\/officinapolli.it\/fr\/wp-json\/wp\/v2\/types\/page\/"}],"author":[{"embeddable":true,"href":"https:\/\/officinapolli.it\/fr\/wp-json\/wp\/v2\/users\/1\/"}],"replies":[{"embeddable":true,"href":"https:\/\/officinapolli.it\/fr\/wp-json\/wp\/v2\/comments\/?post=313"}],"version-history":[{"count":10,"href":"https:\/\/officinapolli.it\/fr\/wp-json\/wp\/v2\/pages\/313\/revisions\/"}],"predecessor-version":[{"id":1901,"href":"https:\/\/officinapolli.it\/fr\/wp-json\/wp\/v2\/pages\/313\/revisions\/1901\/"}],"wp:attachment":[{"href":"https:\/\/officinapolli.it\/fr\/wp-json\/wp\/v2\/media\/?parent=313"}],"curies":[{"name":"wp","href":"https:\/\/api.w.org\/{rel}","templated":true}]}}